{"id":5154,"date":"2024-05-20T16:48:40","date_gmt":"2024-05-20T14:48:40","guid":{"rendered":"https:\/\/decoraequis.com\/?post_type=product&#038;p=5154"},"modified":"2024-06-10T17:09:17","modified_gmt":"2024-06-10T15:09:17","slug":"ambientador-spray-atenea-100ml","status":"publish","type":"product","link":"https:\/\/decoraequis.com\/en\/producto\/ambientador-spray-atenea-100ml\/","title":{"rendered":"Ambientador spray Atenea &#8211; 100ml"},"content":{"rendered":"","protected":false},"excerpt":{"rendered":"<p>Ambientador en spray con fragancia Atenea de 100ml, nos traslada a una \u00e9poca pasada con su sofisticada combinaci\u00f3n de aromas. C\u00edtrica, con toques verdes de listea y especias, nuez moscada y notas florales de jazm\u00edn, menta y cardamomo. Se complementan con un fondo amaderado de s\u00e1ndalo, cedro y almizcle.<\/p>\n","protected":false},"featured_media":5175,"comment_status":"open","ping_status":"closed","template":"","meta":{"_joinchat":[]},"product_cat":[127],"product_tag":[],"class_list":{"0":"post-5154","1":"product","2":"type-product","3":"status-publish","4":"has-post-thumbnail","6":"product_cat-fragancias","8":"first","9":"instock","10":"shipping-taxable","11":"purchasable","12":"product-type-simple"},"yoast_head":"<!-- This site is optimized with the Yoast SEO plugin v22.8 - https:\/\/yoast.com\/wordpress\/plugins\/seo\/ -->\n<title>Ambientador spray Atenea - 100ml | Decora eQuis<\/title>\n<meta name=\"robots\" content=\"index, follow, max-snippet:-1, max-image-preview:large, max-video-preview:-1\" \/>\n<link rel=\"canonical\" href=\"https:\/\/decoraequis.com\/producto\/ambientador-spray-atenea-100ml\/\" \/>\n<meta property=\"og:locale\" content=\"en_US\" \/>\n<meta property=\"og:type\" content=\"article\" \/>\n<meta property=\"og:title\" content=\"Ambientador spray Atenea - 100ml | Decora eQuis\" \/>\n<meta property=\"og:description\" content=\"Ambientador en spray con fragancia Atenea de 100ml, nos traslada a una \u00e9poca pasada con su sofisticada combinaci\u00f3n de aromas. C\u00edtrica, con toques verdes de listea y especias, nuez moscada y notas florales de jazm\u00edn, menta y cardamomo. Se complementan con un fondo amaderado de s\u00e1ndalo, cedro y almizcle.\" \/>\n<meta property=\"og:url\" content=\"https:\/\/decoraequis.com\/producto\/ambientador-spray-atenea-100ml\/\" \/>\n<meta property=\"og:site_name\" content=\"Decora eQuis\" \/>\n<meta property=\"article:publisher\" content=\"https:\/\/www.facebook.com\/EquisDecoracionMunguia\" \/>\n<meta property=\"article:modified_time\" content=\"2024-06-10T15:09:17+00:00\" \/>\n<meta property=\"og:image\" content=\"https:\/\/decoraequis.com\/wp-content\/uploads\/2024\/05\/dg-as-100-atenea.jpg\" \/>\n\t<meta property=\"og:image:width\" content=\"800\" \/>\n\t<meta property=\"og:image:height\" content=\"800\" \/>\n\t<meta property=\"og:image:type\" content=\"image\/jpeg\" \/>\n<meta name=\"twitter:card\" content=\"summary_large_image\" \/>\n<meta name=\"twitter:label1\" content=\"Est. reading time\" \/>\n\t<meta name=\"twitter:data1\" content=\"1 minute\" \/>\n<script type=\"application\/ld+json\" class=\"yoast-schema-graph\">{\"@context\":\"https:\/\/schema.org\",\"@graph\":[{\"@type\":\"WebPage\",\"@id\":\"https:\/\/decoraequis.com\/producto\/ambientador-spray-atenea-100ml\/\",\"url\":\"https:\/\/decoraequis.com\/producto\/ambientador-spray-atenea-100ml\/\",\"name\":\"Ambientador spray Atenea - 100ml | Decora eQuis\",\"isPartOf\":{\"@id\":\"https:\/\/decoraequis.com\/#website\"},\"primaryImageOfPage\":{\"@id\":\"https:\/\/decoraequis.com\/producto\/ambientador-spray-atenea-100ml\/#primaryimage\"},\"image\":{\"@id\":\"https:\/\/decoraequis.com\/producto\/ambientador-spray-atenea-100ml\/#primaryimage\"},\"thumbnailUrl\":\"https:\/\/decoraequis.com\/wp-content\/uploads\/2024\/05\/dg-as-100-atenea.jpg\",\"datePublished\":\"2024-05-20T14:48:40+00:00\",\"dateModified\":\"2024-06-10T15:09:17+00:00\",\"breadcrumb\":{\"@id\":\"https:\/\/decoraequis.com\/producto\/ambientador-spray-atenea-100ml\/#breadcrumb\"},\"inLanguage\":\"en-US\",\"potentialAction\":[{\"@type\":\"ReadAction\",\"target\":[\"https:\/\/decoraequis.com\/producto\/ambientador-spray-atenea-100ml\/\"]}]},{\"@type\":\"ImageObject\",\"inLanguage\":\"en-US\",\"@id\":\"https:\/\/decoraequis.com\/producto\/ambientador-spray-atenea-100ml\/#primaryimage\",\"url\":\"https:\/\/decoraequis.com\/wp-content\/uploads\/2024\/05\/dg-as-100-atenea.jpg\",\"contentUrl\":\"https:\/\/decoraequis.com\/wp-content\/uploads\/2024\/05\/dg-as-100-atenea.jpg\",\"width\":800,\"height\":800},{\"@type\":\"BreadcrumbList\",\"@id\":\"https:\/\/decoraequis.com\/producto\/ambientador-spray-atenea-100ml\/#breadcrumb\",\"itemListElement\":[{\"@type\":\"ListItem\",\"position\":1,\"name\":\"Portada\",\"item\":\"https:\/\/decoraequis.com\/\"},{\"@type\":\"ListItem\",\"position\":2,\"name\":\"Productos\",\"item\":\"https:\/\/decoraequis.com\/tienda\/\"},{\"@type\":\"ListItem\",\"position\":3,\"name\":\"Ambientador spray Atenea &#8211; 100ml\"}]},{\"@type\":\"WebSite\",\"@id\":\"https:\/\/decoraequis.com\/#website\",\"url\":\"https:\/\/decoraequis.com\/\",\"name\":\"Decora eQuis\",\"description\":\"https:\/\/decoraequis.com\/\",\"publisher\":{\"@id\":\"https:\/\/decoraequis.com\/#organization\"},\"alternateName\":\"https:\/\/decoraequis.com\/\",\"potentialAction\":[{\"@type\":\"SearchAction\",\"target\":{\"@type\":\"EntryPoint\",\"urlTemplate\":\"https:\/\/decoraequis.com\/?s={search_term_string}\"},\"query-input\":\"required name=search_term_string\"}],\"inLanguage\":\"en-US\"},{\"@type\":\"Organization\",\"@id\":\"https:\/\/decoraequis.com\/#organization\",\"name\":\"Decora eQuis\",\"alternateName\":\"https:\/\/decoraequis.com\/\",\"url\":\"https:\/\/decoraequis.com\/\",\"logo\":{\"@type\":\"ImageObject\",\"inLanguage\":\"en-US\",\"@id\":\"https:\/\/decoraequis.com\/#\/schema\/logo\/image\/\",\"url\":\"https:\/\/decoraequis.com\/wp-content\/uploads\/2025\/04\/logo-sistio-decora-equis.jpg\",\"contentUrl\":\"https:\/\/decoraequis.com\/wp-content\/uploads\/2025\/04\/logo-sistio-decora-equis.jpg\",\"width\":696,\"height\":696,\"caption\":\"Decora eQuis\"},\"image\":{\"@id\":\"https:\/\/decoraequis.com\/#\/schema\/logo\/image\/\"},\"sameAs\":[\"https:\/\/www.facebook.com\/EquisDecoracionMunguia\",\"https:\/\/www.instagram.com\/equisdecoracion_y_reformas\/\"]}]}<\/script>\n<!-- \/ Yoast SEO plugin. -->","yoast_head_json":{"title":"Ambientador spray Atenea - 100ml | Decora eQuis","robots":{"index":"index","follow":"follow","max-snippet":"max-snippet:-1","max-image-preview":"max-image-preview:large","max-video-preview":"max-video-preview:-1"},"canonical":"https:\/\/decoraequis.com\/producto\/ambientador-spray-atenea-100ml\/","og_locale":"en_US","og_type":"article","og_title":"Ambientador spray Atenea - 100ml | Decora eQuis","og_description":"Ambientador en spray con fragancia Atenea de 100ml, nos traslada a una \u00e9poca pasada con su sofisticada combinaci\u00f3n de aromas. C\u00edtrica, con toques verdes de listea y especias, nuez moscada y notas florales de jazm\u00edn, menta y cardamomo. Se complementan con un fondo amaderado de s\u00e1ndalo, cedro y almizcle.","og_url":"https:\/\/decoraequis.com\/producto\/ambientador-spray-atenea-100ml\/","og_site_name":"Decora eQuis","article_publisher":"https:\/\/www.facebook.com\/EquisDecoracionMunguia","article_modified_time":"2024-06-10T15:09:17+00:00","og_image":[{"width":800,"height":800,"url":"https:\/\/decoraequis.com\/wp-content\/uploads\/2024\/05\/dg-as-100-atenea.jpg","type":"image\/jpeg"}],"twitter_card":"summary_large_image","twitter_misc":{"Est. reading time":"1 minute"},"schema":{"@context":"https:\/\/schema.org","@graph":[{"@type":"WebPage","@id":"https:\/\/decoraequis.com\/producto\/ambientador-spray-atenea-100ml\/","url":"https:\/\/decoraequis.com\/producto\/ambientador-spray-atenea-100ml\/","name":"Ambientador spray Atenea - 100ml | Decora eQuis","isPartOf":{"@id":"https:\/\/decoraequis.com\/#website"},"primaryImageOfPage":{"@id":"https:\/\/decoraequis.com\/producto\/ambientador-spray-atenea-100ml\/#primaryimage"},"image":{"@id":"https:\/\/decoraequis.com\/producto\/ambientador-spray-atenea-100ml\/#primaryimage"},"thumbnailUrl":"https:\/\/decoraequis.com\/wp-content\/uploads\/2024\/05\/dg-as-100-atenea.jpg","datePublished":"2024-05-20T14:48:40+00:00","dateModified":"2024-06-10T15:09:17+00:00","breadcrumb":{"@id":"https:\/\/decoraequis.com\/producto\/ambientador-spray-atenea-100ml\/#breadcrumb"},"inLanguage":"en-US","potentialAction":[{"@type":"ReadAction","target":["https:\/\/decoraequis.com\/producto\/ambientador-spray-atenea-100ml\/"]}]},{"@type":"ImageObject","inLanguage":"en-US","@id":"https:\/\/decoraequis.com\/producto\/ambientador-spray-atenea-100ml\/#primaryimage","url":"https:\/\/decoraequis.com\/wp-content\/uploads\/2024\/05\/dg-as-100-atenea.jpg","contentUrl":"https:\/\/decoraequis.com\/wp-content\/uploads\/2024\/05\/dg-as-100-atenea.jpg","width":800,"height":800},{"@type":"BreadcrumbList","@id":"https:\/\/decoraequis.com\/producto\/ambientador-spray-atenea-100ml\/#breadcrumb","itemListElement":[{"@type":"ListItem","position":1,"name":"Portada","item":"https:\/\/decoraequis.com\/"},{"@type":"ListItem","position":2,"name":"Productos","item":"https:\/\/decoraequis.com\/tienda\/"},{"@type":"ListItem","position":3,"name":"Ambientador spray Atenea &#8211; 100ml"}]},{"@type":"WebSite","@id":"https:\/\/decoraequis.com\/#website","url":"https:\/\/decoraequis.com\/","name":"Decora eQuis","description":"https:\/\/decoraequis.com\/","publisher":{"@id":"https:\/\/decoraequis.com\/#organization"},"alternateName":"https:\/\/decoraequis.com\/","potentialAction":[{"@type":"SearchAction","target":{"@type":"EntryPoint","urlTemplate":"https:\/\/decoraequis.com\/?s={search_term_string}"},"query-input":"required name=search_term_string"}],"inLanguage":"en-US"},{"@type":"Organization","@id":"https:\/\/decoraequis.com\/#organization","name":"Decora eQuis","alternateName":"https:\/\/decoraequis.com\/","url":"https:\/\/decoraequis.com\/","logo":{"@type":"ImageObject","inLanguage":"en-US","@id":"https:\/\/decoraequis.com\/#\/schema\/logo\/image\/","url":"https:\/\/decoraequis.com\/wp-content\/uploads\/2025\/04\/logo-sistio-decora-equis.jpg","contentUrl":"https:\/\/decoraequis.com\/wp-content\/uploads\/2025\/04\/logo-sistio-decora-equis.jpg","width":696,"height":696,"caption":"Decora eQuis"},"image":{"@id":"https:\/\/decoraequis.com\/#\/schema\/logo\/image\/"},"sameAs":["https:\/\/www.facebook.com\/EquisDecoracionMunguia","https:\/\/www.instagram.com\/equisdecoracion_y_reformas\/"]}]}},"_links":{"self":[{"href":"https:\/\/decoraequis.com\/en\/wp-json\/wp\/v2\/product\/5154","targetHints":{"allow":["GET"]}}],"collection":[{"href":"https:\/\/decoraequis.com\/en\/wp-json\/wp\/v2\/product"}],"about":[{"href":"https:\/\/decoraequis.com\/en\/wp-json\/wp\/v2\/types\/product"}],"replies":[{"embeddable":true,"href":"https:\/\/decoraequis.com\/en\/wp-json\/wp\/v2\/comments?post=5154"}],"wp:featuredmedia":[{"embeddable":true,"href":"https:\/\/decoraequis.com\/en\/wp-json\/wp\/v2\/media\/5175"}],"wp:attachment":[{"href":"https:\/\/decoraequis.com\/en\/wp-json\/wp\/v2\/media?parent=5154"}],"wp:term":[{"taxonomy":"product_cat","embeddable":true,"href":"https:\/\/decoraequis.com\/en\/wp-json\/wp\/v2\/product_cat?post=5154"},{"taxonomy":"product_tag","embeddable":true,"href":"https:\/\/decoraequis.com\/en\/wp-json\/wp\/v2\/product_tag?post=5154"}],"curies":[{"name":"wp","href":"https:\/\/api.w.org\/{rel}","templated":true}]}}