{"id":5124,"date":"2024-05-20T16:38:31","date_gmt":"2024-05-20T14:38:31","guid":{"rendered":"https:\/\/decoraequis.com\/?post_type=product&#038;p=5124"},"modified":"2024-06-10T17:10:01","modified_gmt":"2024-06-10T15:10:01","slug":"mantel-antimanchas-post","status":"publish","type":"product","link":"https:\/\/decoraequis.com\/en\/producto\/mantel-antimanchas-post\/","title":{"rendered":"Mantel antimanchas Post"},"content":{"rendered":"","protected":false},"excerpt":{"rendered":"<p>Eleva tu mesa a un nuevo nivel con nuestro mantel antimanchas Post, hecho en 80% algod\u00f3n &#8211; 20% poli\u00e9ster. Con tres capas de protecci\u00f3n, acabado con dobladillo, este dise\u00f1o es elegante y \u00fatil a partes iguales.<\/p>\n<p>Hacemos medidas especiales personalizadas, <u><a href=\"https:\/\/decoraequis.com\/contacto\/\">\u00a1contacta con nosotros!<\/a><\/u><\/p>\n<p><strong>Ancho disponible:<\/strong> estampado fantas\u00eda 250x150cm.<\/p>\n","protected":false},"featured_media":5127,"comment_status":"open","ping_status":"closed","template":"","meta":{"_joinchat":[]},"product_cat":[123,89],"product_tag":[],"class_list":{"0":"post-5124","1":"product","2":"type-product","3":"status-publish","4":"has-post-thumbnail","6":"product_cat-manteleria","7":"product_cat-mesa-y-cocina","9":"first","10":"instock","11":"shipping-taxable","12":"purchasable","13":"product-type-simple"},"yoast_head":"<!-- This site is optimized with the Yoast SEO plugin v22.8 - https:\/\/yoast.com\/wordpress\/plugins\/seo\/ -->\n<title>Mantel antimanchas Post | Decora eQuis<\/title>\n<meta name=\"robots\" content=\"index, follow, max-snippet:-1, max-image-preview:large, max-video-preview:-1\" \/>\n<link rel=\"canonical\" href=\"https:\/\/decoraequis.com\/producto\/mantel-antimanchas-post\/\" \/>\n<meta property=\"og:locale\" content=\"en_US\" \/>\n<meta property=\"og:type\" content=\"article\" \/>\n<meta property=\"og:title\" content=\"Mantel antimanchas Post | Decora eQuis\" \/>\n<meta property=\"og:description\" content=\"Eleva tu mesa a un nuevo nivel con nuestro mantel antimanchas Post, hecho en 80% algod\u00f3n - 20% poli\u00e9ster. Con tres capas de protecci\u00f3n, acabado con dobladillo, este dise\u00f1o es elegante y \u00fatil a partes iguales.  Hacemos medidas especiales personalizadas, \u00a1contacta con nosotros!  Ancho disponible: estampado fantas\u00eda 250x150cm.\" \/>\n<meta property=\"og:url\" content=\"https:\/\/decoraequis.com\/producto\/mantel-antimanchas-post\/\" \/>\n<meta property=\"og:site_name\" content=\"Decora eQuis\" \/>\n<meta property=\"article:publisher\" content=\"https:\/\/www.facebook.com\/EquisDecoracionMunguia\" \/>\n<meta property=\"article:modified_time\" content=\"2024-06-10T15:10:01+00:00\" \/>\n<meta property=\"og:image\" content=\"https:\/\/decoraequis.com\/wp-content\/uploads\/2024\/05\/8097-allegra.jpg\" \/>\n\t<meta property=\"og:image:width\" content=\"1000\" \/>\n\t<meta property=\"og:image:height\" content=\"1241\" \/>\n\t<meta property=\"og:image:type\" content=\"image\/jpeg\" \/>\n<meta name=\"twitter:card\" content=\"summary_large_image\" \/>\n<meta name=\"twitter:label1\" content=\"Est. reading time\" \/>\n\t<meta name=\"twitter:data1\" content=\"1 minute\" \/>\n<script type=\"application\/ld+json\" class=\"yoast-schema-graph\">{\"@context\":\"https:\/\/schema.org\",\"@graph\":[{\"@type\":\"WebPage\",\"@id\":\"https:\/\/decoraequis.com\/producto\/mantel-antimanchas-post\/\",\"url\":\"https:\/\/decoraequis.com\/producto\/mantel-antimanchas-post\/\",\"name\":\"Mantel antimanchas Post | Decora eQuis\",\"isPartOf\":{\"@id\":\"https:\/\/decoraequis.com\/#website\"},\"primaryImageOfPage\":{\"@id\":\"https:\/\/decoraequis.com\/producto\/mantel-antimanchas-post\/#primaryimage\"},\"image\":{\"@id\":\"https:\/\/decoraequis.com\/producto\/mantel-antimanchas-post\/#primaryimage\"},\"thumbnailUrl\":\"https:\/\/decoraequis.com\/wp-content\/uploads\/2024\/05\/8097-allegra.jpg\",\"datePublished\":\"2024-05-20T14:38:31+00:00\",\"dateModified\":\"2024-06-10T15:10:01+00:00\",\"breadcrumb\":{\"@id\":\"https:\/\/decoraequis.com\/producto\/mantel-antimanchas-post\/#breadcrumb\"},\"inLanguage\":\"en-US\",\"potentialAction\":[{\"@type\":\"ReadAction\",\"target\":[\"https:\/\/decoraequis.com\/producto\/mantel-antimanchas-post\/\"]}]},{\"@type\":\"ImageObject\",\"inLanguage\":\"en-US\",\"@id\":\"https:\/\/decoraequis.com\/producto\/mantel-antimanchas-post\/#primaryimage\",\"url\":\"https:\/\/decoraequis.com\/wp-content\/uploads\/2024\/05\/8097-allegra.jpg\",\"contentUrl\":\"https:\/\/decoraequis.com\/wp-content\/uploads\/2024\/05\/8097-allegra.jpg\",\"width\":1000,\"height\":1241},{\"@type\":\"BreadcrumbList\",\"@id\":\"https:\/\/decoraequis.com\/producto\/mantel-antimanchas-post\/#breadcrumb\",\"itemListElement\":[{\"@type\":\"ListItem\",\"position\":1,\"name\":\"Portada\",\"item\":\"https:\/\/decoraequis.com\/\"},{\"@type\":\"ListItem\",\"position\":2,\"name\":\"Productos\",\"item\":\"https:\/\/decoraequis.com\/tienda\/\"},{\"@type\":\"ListItem\",\"position\":3,\"name\":\"Mantel antimanchas Post\"}]},{\"@type\":\"WebSite\",\"@id\":\"https:\/\/decoraequis.com\/#website\",\"url\":\"https:\/\/decoraequis.com\/\",\"name\":\"Decora eQuis\",\"description\":\"https:\/\/decoraequis.com\/\",\"publisher\":{\"@id\":\"https:\/\/decoraequis.com\/#organization\"},\"alternateName\":\"https:\/\/decoraequis.com\/\",\"potentialAction\":[{\"@type\":\"SearchAction\",\"target\":{\"@type\":\"EntryPoint\",\"urlTemplate\":\"https:\/\/decoraequis.com\/?s={search_term_string}\"},\"query-input\":\"required name=search_term_string\"}],\"inLanguage\":\"en-US\"},{\"@type\":\"Organization\",\"@id\":\"https:\/\/decoraequis.com\/#organization\",\"name\":\"Decora eQuis\",\"alternateName\":\"https:\/\/decoraequis.com\/\",\"url\":\"https:\/\/decoraequis.com\/\",\"logo\":{\"@type\":\"ImageObject\",\"inLanguage\":\"en-US\",\"@id\":\"https:\/\/decoraequis.com\/#\/schema\/logo\/image\/\",\"url\":\"https:\/\/decoraequis.com\/wp-content\/uploads\/2025\/04\/logo-sistio-decora-equis.jpg\",\"contentUrl\":\"https:\/\/decoraequis.com\/wp-content\/uploads\/2025\/04\/logo-sistio-decora-equis.jpg\",\"width\":696,\"height\":696,\"caption\":\"Decora eQuis\"},\"image\":{\"@id\":\"https:\/\/decoraequis.com\/#\/schema\/logo\/image\/\"},\"sameAs\":[\"https:\/\/www.facebook.com\/EquisDecoracionMunguia\",\"https:\/\/www.instagram.com\/equisdecoracion_y_reformas\/\"]}]}<\/script>\n<!-- \/ Yoast SEO plugin. -->","yoast_head_json":{"title":"Mantel antimanchas Post | Decora eQuis","robots":{"index":"index","follow":"follow","max-snippet":"max-snippet:-1","max-image-preview":"max-image-preview:large","max-video-preview":"max-video-preview:-1"},"canonical":"https:\/\/decoraequis.com\/producto\/mantel-antimanchas-post\/","og_locale":"en_US","og_type":"article","og_title":"Mantel antimanchas Post | Decora eQuis","og_description":"Eleva tu mesa a un nuevo nivel con nuestro mantel antimanchas Post, hecho en 80% algod\u00f3n - 20% poli\u00e9ster. Con tres capas de protecci\u00f3n, acabado con dobladillo, este dise\u00f1o es elegante y \u00fatil a partes iguales.  Hacemos medidas especiales personalizadas, \u00a1contacta con nosotros!  Ancho disponible: estampado fantas\u00eda 250x150cm.","og_url":"https:\/\/decoraequis.com\/producto\/mantel-antimanchas-post\/","og_site_name":"Decora eQuis","article_publisher":"https:\/\/www.facebook.com\/EquisDecoracionMunguia","article_modified_time":"2024-06-10T15:10:01+00:00","og_image":[{"width":1000,"height":1241,"url":"https:\/\/decoraequis.com\/wp-content\/uploads\/2024\/05\/8097-allegra.jpg","type":"image\/jpeg"}],"twitter_card":"summary_large_image","twitter_misc":{"Est. reading time":"1 minute"},"schema":{"@context":"https:\/\/schema.org","@graph":[{"@type":"WebPage","@id":"https:\/\/decoraequis.com\/producto\/mantel-antimanchas-post\/","url":"https:\/\/decoraequis.com\/producto\/mantel-antimanchas-post\/","name":"Mantel antimanchas Post | Decora eQuis","isPartOf":{"@id":"https:\/\/decoraequis.com\/#website"},"primaryImageOfPage":{"@id":"https:\/\/decoraequis.com\/producto\/mantel-antimanchas-post\/#primaryimage"},"image":{"@id":"https:\/\/decoraequis.com\/producto\/mantel-antimanchas-post\/#primaryimage"},"thumbnailUrl":"https:\/\/decoraequis.com\/wp-content\/uploads\/2024\/05\/8097-allegra.jpg","datePublished":"2024-05-20T14:38:31+00:00","dateModified":"2024-06-10T15:10:01+00:00","breadcrumb":{"@id":"https:\/\/decoraequis.com\/producto\/mantel-antimanchas-post\/#breadcrumb"},"inLanguage":"en-US","potentialAction":[{"@type":"ReadAction","target":["https:\/\/decoraequis.com\/producto\/mantel-antimanchas-post\/"]}]},{"@type":"ImageObject","inLanguage":"en-US","@id":"https:\/\/decoraequis.com\/producto\/mantel-antimanchas-post\/#primaryimage","url":"https:\/\/decoraequis.com\/wp-content\/uploads\/2024\/05\/8097-allegra.jpg","contentUrl":"https:\/\/decoraequis.com\/wp-content\/uploads\/2024\/05\/8097-allegra.jpg","width":1000,"height":1241},{"@type":"BreadcrumbList","@id":"https:\/\/decoraequis.com\/producto\/mantel-antimanchas-post\/#breadcrumb","itemListElement":[{"@type":"ListItem","position":1,"name":"Portada","item":"https:\/\/decoraequis.com\/"},{"@type":"ListItem","position":2,"name":"Productos","item":"https:\/\/decoraequis.com\/tienda\/"},{"@type":"ListItem","position":3,"name":"Mantel antimanchas Post"}]},{"@type":"WebSite","@id":"https:\/\/decoraequis.com\/#website","url":"https:\/\/decoraequis.com\/","name":"Decora eQuis","description":"https:\/\/decoraequis.com\/","publisher":{"@id":"https:\/\/decoraequis.com\/#organization"},"alternateName":"https:\/\/decoraequis.com\/","potentialAction":[{"@type":"SearchAction","target":{"@type":"EntryPoint","urlTemplate":"https:\/\/decoraequis.com\/?s={search_term_string}"},"query-input":"required name=search_term_string"}],"inLanguage":"en-US"},{"@type":"Organization","@id":"https:\/\/decoraequis.com\/#organization","name":"Decora eQuis","alternateName":"https:\/\/decoraequis.com\/","url":"https:\/\/decoraequis.com\/","logo":{"@type":"ImageObject","inLanguage":"en-US","@id":"https:\/\/decoraequis.com\/#\/schema\/logo\/image\/","url":"https:\/\/decoraequis.com\/wp-content\/uploads\/2025\/04\/logo-sistio-decora-equis.jpg","contentUrl":"https:\/\/decoraequis.com\/wp-content\/uploads\/2025\/04\/logo-sistio-decora-equis.jpg","width":696,"height":696,"caption":"Decora eQuis"},"image":{"@id":"https:\/\/decoraequis.com\/#\/schema\/logo\/image\/"},"sameAs":["https:\/\/www.facebook.com\/EquisDecoracionMunguia","https:\/\/www.instagram.com\/equisdecoracion_y_reformas\/"]}]}},"_links":{"self":[{"href":"https:\/\/decoraequis.com\/en\/wp-json\/wp\/v2\/product\/5124","targetHints":{"allow":["GET"]}}],"collection":[{"href":"https:\/\/decoraequis.com\/en\/wp-json\/wp\/v2\/product"}],"about":[{"href":"https:\/\/decoraequis.com\/en\/wp-json\/wp\/v2\/types\/product"}],"replies":[{"embeddable":true,"href":"https:\/\/decoraequis.com\/en\/wp-json\/wp\/v2\/comments?post=5124"}],"wp:featuredmedia":[{"embeddable":true,"href":"https:\/\/decoraequis.com\/en\/wp-json\/wp\/v2\/media\/5127"}],"wp:attachment":[{"href":"https:\/\/decoraequis.com\/en\/wp-json\/wp\/v2\/media?parent=5124"}],"wp:term":[{"taxonomy":"product_cat","embeddable":true,"href":"https:\/\/decoraequis.com\/en\/wp-json\/wp\/v2\/product_cat?post=5124"},{"taxonomy":"product_tag","embeddable":true,"href":"https:\/\/decoraequis.com\/en\/wp-json\/wp\/v2\/product_tag?post=5124"}],"curies":[{"name":"wp","href":"https:\/\/api.w.org\/{rel}","templated":true}]}}