{"id":2428,"date":"2021-03-08T18:26:04","date_gmt":"2021-03-08T18:26:04","guid":{"rendered":"https:\/\/avadawebsites.wpengine.com\/retail\/?post_type=product&#038;p=2428"},"modified":"2024-06-10T17:11:46","modified_gmt":"2024-06-10T15:11:46","slug":"jarron-arena-crema-ceramica","status":"publish","type":"product","link":"https:\/\/decoraequis.com\/en\/producto\/jarron-arena-crema-ceramica\/","title":{"rendered":"Jarr\u00f3n arena crema cer\u00e1mica"},"content":{"rendered":"","protected":false},"excerpt":{"rendered":"<p>Jarr\u00f3n arena crema cer\u00e1mica 22.0 cm. x 22.0 cm. x 25.0 cm.<\/p>\n<ul>\n<li><strong>Material:<\/strong> cer\u00e1mica<\/li>\n<li><strong>Modelo:<\/strong> arena<\/li>\n<li><strong>Temporada:<\/strong> cat\u00e1logo<\/li>\n<li><strong>Color:<\/strong> crema<\/li>\n<li><strong>Pieza:<\/strong> jarr\u00f3n<\/li>\n<li><strong>Medidas:<\/strong> 22.0 cm. x 22.0 cm. x 25.0 cm.<\/li>\n<\/ul>\n","protected":false},"featured_media":5001,"comment_status":"closed","ping_status":"closed","template":"","meta":{"_joinchat":[]},"product_cat":[94,92],"product_tag":[],"class_list":{"0":"post-2428","1":"product","2":"type-product","3":"status-publish","4":"has-post-thumbnail","6":"product_cat-decoracion","7":"product_cat-ofertas","9":"first","10":"instock","11":"sale","12":"shipping-taxable","13":"purchasable","14":"product-type-simple"},"yoast_head":"<!-- This site is optimized with the Yoast SEO plugin v22.8 - https:\/\/yoast.com\/wordpress\/plugins\/seo\/ -->\n<title>Jarr\u00f3n arena crema cer\u00e1mica | Decora eQuis<\/title>\n<meta name=\"robots\" content=\"index, follow, max-snippet:-1, max-image-preview:large, max-video-preview:-1\" \/>\n<link rel=\"canonical\" href=\"https:\/\/decoraequis.com\/producto\/jarron-arena-crema-ceramica\/\" \/>\n<meta property=\"og:locale\" content=\"en_US\" \/>\n<meta property=\"og:type\" content=\"article\" \/>\n<meta property=\"og:title\" content=\"Jarr\u00f3n arena crema cer\u00e1mica | Decora eQuis\" \/>\n<meta property=\"og:description\" content=\"Jarr\u00f3n arena crema cer\u00e1mica 22.0 cm. x 22.0 cm. x 25.0 cm.   Material: cer\u00e1mica  Modelo: arena  Temporada: cat\u00e1logo  Color: crema  Pieza: jarr\u00f3n  Medidas: 22.0 cm. x 22.0 cm. x 25.0 cm.\" \/>\n<meta property=\"og:url\" content=\"https:\/\/decoraequis.com\/producto\/jarron-arena-crema-ceramica\/\" \/>\n<meta property=\"og:site_name\" content=\"Decora eQuis\" \/>\n<meta property=\"article:publisher\" content=\"https:\/\/www.facebook.com\/EquisDecoracionMunguia\" \/>\n<meta property=\"article:modified_time\" content=\"2024-06-10T15:11:46+00:00\" \/>\n<meta property=\"og:image\" content=\"https:\/\/decoraequis.com\/wp-content\/uploads\/2021\/03\/jarron-arena-crema-ceramica-decoracion.jpg\" \/>\n\t<meta property=\"og:image:width\" content=\"900\" \/>\n\t<meta property=\"og:image:height\" content=\"900\" \/>\n\t<meta property=\"og:image:type\" content=\"image\/jpeg\" \/>\n<meta name=\"twitter:card\" content=\"summary_large_image\" \/>\n<meta name=\"twitter:label1\" content=\"Est. reading time\" \/>\n\t<meta name=\"twitter:data1\" content=\"1 minute\" \/>\n<script type=\"application\/ld+json\" class=\"yoast-schema-graph\">{\"@context\":\"https:\/\/schema.org\",\"@graph\":[{\"@type\":\"WebPage\",\"@id\":\"https:\/\/decoraequis.com\/producto\/jarron-arena-crema-ceramica\/\",\"url\":\"https:\/\/decoraequis.com\/producto\/jarron-arena-crema-ceramica\/\",\"name\":\"Jarr\u00f3n arena crema cer\u00e1mica | Decora eQuis\",\"isPartOf\":{\"@id\":\"https:\/\/decoraequis.com\/#website\"},\"primaryImageOfPage\":{\"@id\":\"https:\/\/decoraequis.com\/producto\/jarron-arena-crema-ceramica\/#primaryimage\"},\"image\":{\"@id\":\"https:\/\/decoraequis.com\/producto\/jarron-arena-crema-ceramica\/#primaryimage\"},\"thumbnailUrl\":\"https:\/\/decoraequis.com\/wp-content\/uploads\/2021\/03\/jarron-arena-crema-ceramica-decoracion.jpg\",\"datePublished\":\"2021-03-08T18:26:04+00:00\",\"dateModified\":\"2024-06-10T15:11:46+00:00\",\"breadcrumb\":{\"@id\":\"https:\/\/decoraequis.com\/producto\/jarron-arena-crema-ceramica\/#breadcrumb\"},\"inLanguage\":\"en-US\",\"potentialAction\":[{\"@type\":\"ReadAction\",\"target\":[\"https:\/\/decoraequis.com\/producto\/jarron-arena-crema-ceramica\/\"]}]},{\"@type\":\"ImageObject\",\"inLanguage\":\"en-US\",\"@id\":\"https:\/\/decoraequis.com\/producto\/jarron-arena-crema-ceramica\/#primaryimage\",\"url\":\"https:\/\/decoraequis.com\/wp-content\/uploads\/2021\/03\/jarron-arena-crema-ceramica-decoracion.jpg\",\"contentUrl\":\"https:\/\/decoraequis.com\/wp-content\/uploads\/2021\/03\/jarron-arena-crema-ceramica-decoracion.jpg\",\"width\":900,\"height\":900},{\"@type\":\"BreadcrumbList\",\"@id\":\"https:\/\/decoraequis.com\/producto\/jarron-arena-crema-ceramica\/#breadcrumb\",\"itemListElement\":[{\"@type\":\"ListItem\",\"position\":1,\"name\":\"Portada\",\"item\":\"https:\/\/decoraequis.com\/\"},{\"@type\":\"ListItem\",\"position\":2,\"name\":\"Productos\",\"item\":\"https:\/\/decoraequis.com\/tienda\/\"},{\"@type\":\"ListItem\",\"position\":3,\"name\":\"Jarr\u00f3n arena crema cer\u00e1mica\"}]},{\"@type\":\"WebSite\",\"@id\":\"https:\/\/decoraequis.com\/#website\",\"url\":\"https:\/\/decoraequis.com\/\",\"name\":\"Decora eQuis\",\"description\":\"https:\/\/decoraequis.com\/\",\"publisher\":{\"@id\":\"https:\/\/decoraequis.com\/#organization\"},\"alternateName\":\"https:\/\/decoraequis.com\/\",\"potentialAction\":[{\"@type\":\"SearchAction\",\"target\":{\"@type\":\"EntryPoint\",\"urlTemplate\":\"https:\/\/decoraequis.com\/?s={search_term_string}\"},\"query-input\":\"required name=search_term_string\"}],\"inLanguage\":\"en-US\"},{\"@type\":\"Organization\",\"@id\":\"https:\/\/decoraequis.com\/#organization\",\"name\":\"Decora eQuis\",\"alternateName\":\"https:\/\/decoraequis.com\/\",\"url\":\"https:\/\/decoraequis.com\/\",\"logo\":{\"@type\":\"ImageObject\",\"inLanguage\":\"en-US\",\"@id\":\"https:\/\/decoraequis.com\/#\/schema\/logo\/image\/\",\"url\":\"https:\/\/decoraequis.com\/wp-content\/uploads\/2025\/04\/logo-sistio-decora-equis.jpg\",\"contentUrl\":\"https:\/\/decoraequis.com\/wp-content\/uploads\/2025\/04\/logo-sistio-decora-equis.jpg\",\"width\":696,\"height\":696,\"caption\":\"Decora eQuis\"},\"image\":{\"@id\":\"https:\/\/decoraequis.com\/#\/schema\/logo\/image\/\"},\"sameAs\":[\"https:\/\/www.facebook.com\/EquisDecoracionMunguia\",\"https:\/\/www.instagram.com\/equisdecoracion_y_reformas\/\"]}]}<\/script>\n<!-- \/ Yoast SEO plugin. -->","yoast_head_json":{"title":"Jarr\u00f3n arena crema cer\u00e1mica | Decora eQuis","robots":{"index":"index","follow":"follow","max-snippet":"max-snippet:-1","max-image-preview":"max-image-preview:large","max-video-preview":"max-video-preview:-1"},"canonical":"https:\/\/decoraequis.com\/producto\/jarron-arena-crema-ceramica\/","og_locale":"en_US","og_type":"article","og_title":"Jarr\u00f3n arena crema cer\u00e1mica | Decora eQuis","og_description":"Jarr\u00f3n arena crema cer\u00e1mica 22.0 cm. x 22.0 cm. x 25.0 cm.   Material: cer\u00e1mica  Modelo: arena  Temporada: cat\u00e1logo  Color: crema  Pieza: jarr\u00f3n  Medidas: 22.0 cm. x 22.0 cm. x 25.0 cm.","og_url":"https:\/\/decoraequis.com\/producto\/jarron-arena-crema-ceramica\/","og_site_name":"Decora eQuis","article_publisher":"https:\/\/www.facebook.com\/EquisDecoracionMunguia","article_modified_time":"2024-06-10T15:11:46+00:00","og_image":[{"width":900,"height":900,"url":"https:\/\/decoraequis.com\/wp-content\/uploads\/2021\/03\/jarron-arena-crema-ceramica-decoracion.jpg","type":"image\/jpeg"}],"twitter_card":"summary_large_image","twitter_misc":{"Est. reading time":"1 minute"},"schema":{"@context":"https:\/\/schema.org","@graph":[{"@type":"WebPage","@id":"https:\/\/decoraequis.com\/producto\/jarron-arena-crema-ceramica\/","url":"https:\/\/decoraequis.com\/producto\/jarron-arena-crema-ceramica\/","name":"Jarr\u00f3n arena crema cer\u00e1mica | Decora eQuis","isPartOf":{"@id":"https:\/\/decoraequis.com\/#website"},"primaryImageOfPage":{"@id":"https:\/\/decoraequis.com\/producto\/jarron-arena-crema-ceramica\/#primaryimage"},"image":{"@id":"https:\/\/decoraequis.com\/producto\/jarron-arena-crema-ceramica\/#primaryimage"},"thumbnailUrl":"https:\/\/decoraequis.com\/wp-content\/uploads\/2021\/03\/jarron-arena-crema-ceramica-decoracion.jpg","datePublished":"2021-03-08T18:26:04+00:00","dateModified":"2024-06-10T15:11:46+00:00","breadcrumb":{"@id":"https:\/\/decoraequis.com\/producto\/jarron-arena-crema-ceramica\/#breadcrumb"},"inLanguage":"en-US","potentialAction":[{"@type":"ReadAction","target":["https:\/\/decoraequis.com\/producto\/jarron-arena-crema-ceramica\/"]}]},{"@type":"ImageObject","inLanguage":"en-US","@id":"https:\/\/decoraequis.com\/producto\/jarron-arena-crema-ceramica\/#primaryimage","url":"https:\/\/decoraequis.com\/wp-content\/uploads\/2021\/03\/jarron-arena-crema-ceramica-decoracion.jpg","contentUrl":"https:\/\/decoraequis.com\/wp-content\/uploads\/2021\/03\/jarron-arena-crema-ceramica-decoracion.jpg","width":900,"height":900},{"@type":"BreadcrumbList","@id":"https:\/\/decoraequis.com\/producto\/jarron-arena-crema-ceramica\/#breadcrumb","itemListElement":[{"@type":"ListItem","position":1,"name":"Portada","item":"https:\/\/decoraequis.com\/"},{"@type":"ListItem","position":2,"name":"Productos","item":"https:\/\/decoraequis.com\/tienda\/"},{"@type":"ListItem","position":3,"name":"Jarr\u00f3n arena crema cer\u00e1mica"}]},{"@type":"WebSite","@id":"https:\/\/decoraequis.com\/#website","url":"https:\/\/decoraequis.com\/","name":"Decora eQuis","description":"https:\/\/decoraequis.com\/","publisher":{"@id":"https:\/\/decoraequis.com\/#organization"},"alternateName":"https:\/\/decoraequis.com\/","potentialAction":[{"@type":"SearchAction","target":{"@type":"EntryPoint","urlTemplate":"https:\/\/decoraequis.com\/?s={search_term_string}"},"query-input":"required name=search_term_string"}],"inLanguage":"en-US"},{"@type":"Organization","@id":"https:\/\/decoraequis.com\/#organization","name":"Decora eQuis","alternateName":"https:\/\/decoraequis.com\/","url":"https:\/\/decoraequis.com\/","logo":{"@type":"ImageObject","inLanguage":"en-US","@id":"https:\/\/decoraequis.com\/#\/schema\/logo\/image\/","url":"https:\/\/decoraequis.com\/wp-content\/uploads\/2025\/04\/logo-sistio-decora-equis.jpg","contentUrl":"https:\/\/decoraequis.com\/wp-content\/uploads\/2025\/04\/logo-sistio-decora-equis.jpg","width":696,"height":696,"caption":"Decora eQuis"},"image":{"@id":"https:\/\/decoraequis.com\/#\/schema\/logo\/image\/"},"sameAs":["https:\/\/www.facebook.com\/EquisDecoracionMunguia","https:\/\/www.instagram.com\/equisdecoracion_y_reformas\/"]}]}},"_links":{"self":[{"href":"https:\/\/decoraequis.com\/en\/wp-json\/wp\/v2\/product\/2428","targetHints":{"allow":["GET"]}}],"collection":[{"href":"https:\/\/decoraequis.com\/en\/wp-json\/wp\/v2\/product"}],"about":[{"href":"https:\/\/decoraequis.com\/en\/wp-json\/wp\/v2\/types\/product"}],"replies":[{"embeddable":true,"href":"https:\/\/decoraequis.com\/en\/wp-json\/wp\/v2\/comments?post=2428"}],"wp:featuredmedia":[{"embeddable":true,"href":"https:\/\/decoraequis.com\/en\/wp-json\/wp\/v2\/media\/5001"}],"wp:attachment":[{"href":"https:\/\/decoraequis.com\/en\/wp-json\/wp\/v2\/media?parent=2428"}],"wp:term":[{"taxonomy":"product_cat","embeddable":true,"href":"https:\/\/decoraequis.com\/en\/wp-json\/wp\/v2\/product_cat?post=2428"},{"taxonomy":"product_tag","embeddable":true,"href":"https:\/\/decoraequis.com\/en\/wp-json\/wp\/v2\/product_tag?post=2428"}],"curies":[{"name":"wp","href":"https:\/\/api.w.org\/{rel}","templated":true}]}}