{"id":2402,"date":"2021-03-08T17:19:49","date_gmt":"2021-03-08T17:19:49","guid":{"rendered":"https:\/\/avadawebsites.wpengine.com\/retail\/?post_type=product&#038;p=2402"},"modified":"2024-05-17T09:10:06","modified_gmt":"2024-05-17T07:10:06","slug":"jarron-natural-negro-papel","status":"publish","type":"product","link":"https:\/\/decoraequis.com\/en\/producto\/jarron-natural-negro-papel\/","title":{"rendered":"Jarr\u00f3n natural-negro papel"},"content":{"rendered":"","protected":false},"excerpt":{"rendered":"<p>Jarr\u00f3n natural-negro papel 21.0 cm. x 21.0 cm. x 45.0 cm.<\/p>\n<ul>\n<li><strong>Material:<\/strong> papel<\/li>\n<li><strong>Temporada:<\/strong> septiembre2023<\/li>\n<li><strong>Color:<\/strong> natural-negro<\/li>\n<li><strong>Pieza:<\/strong> jarr\u00f3n<\/li>\n<li><strong>Medidas:<\/strong> 21.0 cm. x 21.0 cm. x 45.0 cm.<\/li>\n<\/ul>\n<p>&nbsp;<\/p>\n","protected":false},"featured_media":5022,"comment_status":"open","ping_status":"closed","template":"","meta":{"_joinchat":[]},"product_cat":[94],"product_tag":[],"class_list":{"0":"post-2402","1":"product","2":"type-product","3":"status-publish","4":"has-post-thumbnail","6":"product_cat-decoracion","8":"first","9":"instock","10":"shipping-taxable","11":"purchasable","12":"product-type-simple"},"yoast_head":"<!-- This site is optimized with the Yoast SEO plugin v22.8 - https:\/\/yoast.com\/wordpress\/plugins\/seo\/ -->\n<title>Jarr\u00f3n natural-negro papel - Jarr\u00f3n decorativo 21 x 21 x 45 cm<\/title>\n<meta name=\"description\" content=\"Jarr\u00f3n natural-negro papel. Este jarr\u00f3n de papel decorativo trae consigo una elegancia \u00fanica que seguramente capturar\u00e1 todas las miradas en tu hogar.\" \/>\n<meta name=\"robots\" content=\"index, follow, max-snippet:-1, max-image-preview:large, max-video-preview:-1\" \/>\n<link rel=\"canonical\" href=\"https:\/\/decoraequis.com\/producto\/jarron-natural-negro-papel\/\" \/>\n<meta property=\"og:locale\" content=\"en_US\" \/>\n<meta property=\"og:type\" content=\"article\" \/>\n<meta property=\"og:title\" content=\"Jarr\u00f3n natural-negro papel - Jarr\u00f3n decorativo 21 x 21 x 45 cm\" \/>\n<meta property=\"og:description\" content=\"Jarr\u00f3n natural-negro papel. Este jarr\u00f3n de papel decorativo trae consigo una elegancia \u00fanica que seguramente capturar\u00e1 todas las miradas en tu hogar.\" \/>\n<meta property=\"og:url\" content=\"https:\/\/decoraequis.com\/producto\/jarron-natural-negro-papel\/\" \/>\n<meta property=\"og:site_name\" content=\"Decora eQuis\" \/>\n<meta property=\"article:publisher\" content=\"https:\/\/www.facebook.com\/EquisDecoracionMunguia\" \/>\n<meta property=\"article:modified_time\" content=\"2024-05-17T07:10:06+00:00\" \/>\n<meta property=\"og:image\" content=\"https:\/\/decoraequis.com\/wp-content\/uploads\/2021\/03\/609695.webp\" \/>\n\t<meta property=\"og:image:width\" content=\"700\" \/>\n\t<meta property=\"og:image:height\" content=\"700\" \/>\n\t<meta property=\"og:image:type\" content=\"image\/webp\" \/>\n<meta name=\"twitter:card\" content=\"summary_large_image\" \/>\n<meta name=\"twitter:label1\" content=\"Est. reading time\" \/>\n\t<meta name=\"twitter:data1\" content=\"1 minute\" \/>\n<script type=\"application\/ld+json\" class=\"yoast-schema-graph\">{\"@context\":\"https:\/\/schema.org\",\"@graph\":[{\"@type\":\"WebPage\",\"@id\":\"https:\/\/decoraequis.com\/producto\/jarron-natural-negro-papel\/\",\"url\":\"https:\/\/decoraequis.com\/producto\/jarron-natural-negro-papel\/\",\"name\":\"Jarr\u00f3n natural-negro papel - Jarr\u00f3n decorativo 21 x 21 x 45 cm\",\"isPartOf\":{\"@id\":\"https:\/\/decoraequis.com\/#website\"},\"primaryImageOfPage\":{\"@id\":\"https:\/\/decoraequis.com\/producto\/jarron-natural-negro-papel\/#primaryimage\"},\"image\":{\"@id\":\"https:\/\/decoraequis.com\/producto\/jarron-natural-negro-papel\/#primaryimage\"},\"thumbnailUrl\":\"https:\/\/decoraequis.com\/wp-content\/uploads\/2021\/03\/609695.webp\",\"datePublished\":\"2021-03-08T17:19:49+00:00\",\"dateModified\":\"2024-05-17T07:10:06+00:00\",\"description\":\"Jarr\u00f3n natural-negro papel. Este jarr\u00f3n de papel decorativo trae consigo una elegancia \u00fanica que seguramente capturar\u00e1 todas las miradas en tu hogar.\",\"breadcrumb\":{\"@id\":\"https:\/\/decoraequis.com\/producto\/jarron-natural-negro-papel\/#breadcrumb\"},\"inLanguage\":\"en-US\",\"potentialAction\":[{\"@type\":\"ReadAction\",\"target\":[\"https:\/\/decoraequis.com\/producto\/jarron-natural-negro-papel\/\"]}]},{\"@type\":\"ImageObject\",\"inLanguage\":\"en-US\",\"@id\":\"https:\/\/decoraequis.com\/producto\/jarron-natural-negro-papel\/#primaryimage\",\"url\":\"https:\/\/decoraequis.com\/wp-content\/uploads\/2021\/03\/609695.webp\",\"contentUrl\":\"https:\/\/decoraequis.com\/wp-content\/uploads\/2021\/03\/609695.webp\",\"width\":700,\"height\":700},{\"@type\":\"BreadcrumbList\",\"@id\":\"https:\/\/decoraequis.com\/producto\/jarron-natural-negro-papel\/#breadcrumb\",\"itemListElement\":[{\"@type\":\"ListItem\",\"position\":1,\"name\":\"Portada\",\"item\":\"https:\/\/decoraequis.com\/\"},{\"@type\":\"ListItem\",\"position\":2,\"name\":\"Productos\",\"item\":\"https:\/\/decoraequis.com\/tienda\/\"},{\"@type\":\"ListItem\",\"position\":3,\"name\":\"Jarr\u00f3n natural-negro papel\"}]},{\"@type\":\"WebSite\",\"@id\":\"https:\/\/decoraequis.com\/#website\",\"url\":\"https:\/\/decoraequis.com\/\",\"name\":\"Decora eQuis\",\"description\":\"https:\/\/decoraequis.com\/\",\"publisher\":{\"@id\":\"https:\/\/decoraequis.com\/#organization\"},\"alternateName\":\"https:\/\/decoraequis.com\/\",\"potentialAction\":[{\"@type\":\"SearchAction\",\"target\":{\"@type\":\"EntryPoint\",\"urlTemplate\":\"https:\/\/decoraequis.com\/?s={search_term_string}\"},\"query-input\":\"required name=search_term_string\"}],\"inLanguage\":\"en-US\"},{\"@type\":\"Organization\",\"@id\":\"https:\/\/decoraequis.com\/#organization\",\"name\":\"Decora eQuis\",\"alternateName\":\"https:\/\/decoraequis.com\/\",\"url\":\"https:\/\/decoraequis.com\/\",\"logo\":{\"@type\":\"ImageObject\",\"inLanguage\":\"en-US\",\"@id\":\"https:\/\/decoraequis.com\/#\/schema\/logo\/image\/\",\"url\":\"https:\/\/decoraequis.com\/wp-content\/uploads\/2025\/04\/logo-sistio-decora-equis.jpg\",\"contentUrl\":\"https:\/\/decoraequis.com\/wp-content\/uploads\/2025\/04\/logo-sistio-decora-equis.jpg\",\"width\":696,\"height\":696,\"caption\":\"Decora eQuis\"},\"image\":{\"@id\":\"https:\/\/decoraequis.com\/#\/schema\/logo\/image\/\"},\"sameAs\":[\"https:\/\/www.facebook.com\/EquisDecoracionMunguia\",\"https:\/\/www.instagram.com\/equisdecoracion_y_reformas\/\"]}]}<\/script>\n<!-- \/ Yoast SEO plugin. -->","yoast_head_json":{"title":"Jarr\u00f3n natural-negro papel - Jarr\u00f3n decorativo 21 x 21 x 45 cm","description":"Jarr\u00f3n natural-negro papel. Este jarr\u00f3n de papel decorativo trae consigo una elegancia \u00fanica que seguramente capturar\u00e1 todas las miradas en tu hogar.","robots":{"index":"index","follow":"follow","max-snippet":"max-snippet:-1","max-image-preview":"max-image-preview:large","max-video-preview":"max-video-preview:-1"},"canonical":"https:\/\/decoraequis.com\/producto\/jarron-natural-negro-papel\/","og_locale":"en_US","og_type":"article","og_title":"Jarr\u00f3n natural-negro papel - Jarr\u00f3n decorativo 21 x 21 x 45 cm","og_description":"Jarr\u00f3n natural-negro papel. Este jarr\u00f3n de papel decorativo trae consigo una elegancia \u00fanica que seguramente capturar\u00e1 todas las miradas en tu hogar.","og_url":"https:\/\/decoraequis.com\/producto\/jarron-natural-negro-papel\/","og_site_name":"Decora eQuis","article_publisher":"https:\/\/www.facebook.com\/EquisDecoracionMunguia","article_modified_time":"2024-05-17T07:10:06+00:00","og_image":[{"width":700,"height":700,"url":"https:\/\/decoraequis.com\/wp-content\/uploads\/2021\/03\/609695.webp","type":"image\/webp"}],"twitter_card":"summary_large_image","twitter_misc":{"Est. reading time":"1 minute"},"schema":{"@context":"https:\/\/schema.org","@graph":[{"@type":"WebPage","@id":"https:\/\/decoraequis.com\/producto\/jarron-natural-negro-papel\/","url":"https:\/\/decoraequis.com\/producto\/jarron-natural-negro-papel\/","name":"Jarr\u00f3n natural-negro papel - Jarr\u00f3n decorativo 21 x 21 x 45 cm","isPartOf":{"@id":"https:\/\/decoraequis.com\/#website"},"primaryImageOfPage":{"@id":"https:\/\/decoraequis.com\/producto\/jarron-natural-negro-papel\/#primaryimage"},"image":{"@id":"https:\/\/decoraequis.com\/producto\/jarron-natural-negro-papel\/#primaryimage"},"thumbnailUrl":"https:\/\/decoraequis.com\/wp-content\/uploads\/2021\/03\/609695.webp","datePublished":"2021-03-08T17:19:49+00:00","dateModified":"2024-05-17T07:10:06+00:00","description":"Jarr\u00f3n natural-negro papel. Este jarr\u00f3n de papel decorativo trae consigo una elegancia \u00fanica que seguramente capturar\u00e1 todas las miradas en tu hogar.","breadcrumb":{"@id":"https:\/\/decoraequis.com\/producto\/jarron-natural-negro-papel\/#breadcrumb"},"inLanguage":"en-US","potentialAction":[{"@type":"ReadAction","target":["https:\/\/decoraequis.com\/producto\/jarron-natural-negro-papel\/"]}]},{"@type":"ImageObject","inLanguage":"en-US","@id":"https:\/\/decoraequis.com\/producto\/jarron-natural-negro-papel\/#primaryimage","url":"https:\/\/decoraequis.com\/wp-content\/uploads\/2021\/03\/609695.webp","contentUrl":"https:\/\/decoraequis.com\/wp-content\/uploads\/2021\/03\/609695.webp","width":700,"height":700},{"@type":"BreadcrumbList","@id":"https:\/\/decoraequis.com\/producto\/jarron-natural-negro-papel\/#breadcrumb","itemListElement":[{"@type":"ListItem","position":1,"name":"Portada","item":"https:\/\/decoraequis.com\/"},{"@type":"ListItem","position":2,"name":"Productos","item":"https:\/\/decoraequis.com\/tienda\/"},{"@type":"ListItem","position":3,"name":"Jarr\u00f3n natural-negro papel"}]},{"@type":"WebSite","@id":"https:\/\/decoraequis.com\/#website","url":"https:\/\/decoraequis.com\/","name":"Decora eQuis","description":"https:\/\/decoraequis.com\/","publisher":{"@id":"https:\/\/decoraequis.com\/#organization"},"alternateName":"https:\/\/decoraequis.com\/","potentialAction":[{"@type":"SearchAction","target":{"@type":"EntryPoint","urlTemplate":"https:\/\/decoraequis.com\/?s={search_term_string}"},"query-input":"required name=search_term_string"}],"inLanguage":"en-US"},{"@type":"Organization","@id":"https:\/\/decoraequis.com\/#organization","name":"Decora eQuis","alternateName":"https:\/\/decoraequis.com\/","url":"https:\/\/decoraequis.com\/","logo":{"@type":"ImageObject","inLanguage":"en-US","@id":"https:\/\/decoraequis.com\/#\/schema\/logo\/image\/","url":"https:\/\/decoraequis.com\/wp-content\/uploads\/2025\/04\/logo-sistio-decora-equis.jpg","contentUrl":"https:\/\/decoraequis.com\/wp-content\/uploads\/2025\/04\/logo-sistio-decora-equis.jpg","width":696,"height":696,"caption":"Decora eQuis"},"image":{"@id":"https:\/\/decoraequis.com\/#\/schema\/logo\/image\/"},"sameAs":["https:\/\/www.facebook.com\/EquisDecoracionMunguia","https:\/\/www.instagram.com\/equisdecoracion_y_reformas\/"]}]}},"_links":{"self":[{"href":"https:\/\/decoraequis.com\/en\/wp-json\/wp\/v2\/product\/2402","targetHints":{"allow":["GET"]}}],"collection":[{"href":"https:\/\/decoraequis.com\/en\/wp-json\/wp\/v2\/product"}],"about":[{"href":"https:\/\/decoraequis.com\/en\/wp-json\/wp\/v2\/types\/product"}],"replies":[{"embeddable":true,"href":"https:\/\/decoraequis.com\/en\/wp-json\/wp\/v2\/comments?post=2402"}],"wp:featuredmedia":[{"embeddable":true,"href":"https:\/\/decoraequis.com\/en\/wp-json\/wp\/v2\/media\/5022"}],"wp:attachment":[{"href":"https:\/\/decoraequis.com\/en\/wp-json\/wp\/v2\/media?parent=2402"}],"wp:term":[{"taxonomy":"product_cat","embeddable":true,"href":"https:\/\/decoraequis.com\/en\/wp-json\/wp\/v2\/product_cat?post=2402"},{"taxonomy":"product_tag","embeddable":true,"href":"https:\/\/decoraequis.com\/en\/wp-json\/wp\/v2\/product_tag?post=2402"}],"curies":[{"name":"wp","href":"https:\/\/api.w.org\/{rel}","templated":true}]}}